{"id":265,"date":"2026-02-17T14:54:24","date_gmt":"2026-02-17T14:54:24","guid":{"rendered":"https:\/\/stage.villafraulo.com\/?page_id=265"},"modified":"2026-03-29T09:58:44","modified_gmt":"2026-03-29T09:58:44","slug":"location-per-matrimoni-costiera-amalfitana","status":"publish","type":"page","link":"https:\/\/villafraulo.com\/it\/location-per-matrimoni-costiera-amalfitana\/","title":{"rendered":"Matrimoni"},"content":{"rendered":"\t\t<div data-elementor-type=\"wp-page\" data-elementor-id=\"265\" class=\"elementor elementor-265\" data-elementor-post-type=\"page\">\n\t\t\t\t<div class=\"elementor-element elementor-element-748dba0 e-flex e-con-boxed e-con e-parent\" data-id=\"748dba0\" data-element_type=\"container\" data-e-type=\"container\" data-settings=\"{&quot;background_background&quot;:&quot;slideshow&quot;,&quot;background_slideshow_gallery&quot;:[{&quot;id&quot;:123,&quot;url&quot;:&quot;https:\\\/\\\/villafraulo.com\\\/wp-content\\\/uploads\\\/2026\\\/02\\\/1920-matrimonio.webp&quot;},{&quot;id&quot;:124,&quot;url&quot;:&quot;https:\\\/\\\/villafraulo.com\\\/wp-content\\\/uploads\\\/2026\\\/02\\\/1920-topwedding.webp&quot;},{&quot;id&quot;:33,&quot;url&quot;:&quot;https:\\\/\\\/villafraulo.com\\\/wp-content\\\/uploads\\\/2026\\\/01\\\/1024_terrazza-wedding-_Ravello_2019.jpg&quot;}],&quot;jet_parallax_layout_list&quot;:[],&quot;background_slideshow_loop&quot;:&quot;yes&quot;,&quot;background_slideshow_slide_duration&quot;:5000,&quot;background_slideshow_slide_transition&quot;:&quot;fade&quot;,&quot;background_slideshow_transition_duration&quot;:500}\">\n\t\t\t\t\t<div class=\"e-con-inner\">\n\t\t\t\t\t<\/div>\n\t\t\t\t<\/div>\n\t\t<div class=\"elementor-element elementor-element-04ff687 e-flex e-con-boxed e-con e-parent\" data-id=\"04ff687\" data-element_type=\"container\" data-e-type=\"container\" data-settings=\"{&quot;jet_parallax_layout_list&quot;:[]}\">\n\t\t\t\t\t<div class=\"e-con-inner\">\n\t\t\t\t<div class=\"elementor-element elementor-element-b0e9dbf elementor-widget elementor-widget-spacer\" data-id=\"b0e9dbf\" data-element_type=\"widget\" data-e-type=\"widget\" data-widget_type=\"spacer.default\">\n\t\t\t\t\t\t\t<div class=\"elementor-spacer\">\n\t\t\t<div class=\"elementor-spacer-inner\"><\/div>\n\t\t<\/div>\n\t\t\t\t\t\t<\/div>\n\t\t\t\t<div class=\"elementor-element elementor-element-c02220e jet-breadcrumbs-align-center elementor-widget elementor-widget-jet-breadcrumbs\" data-id=\"c02220e\" data-element_type=\"widget\" data-e-type=\"widget\" data-widget_type=\"jet-breadcrumbs.default\">\n\t\t\t\t<div class=\"elementor-widget-container\">\n\t\t\t\t\t<div class=\"elementor-jet-breadcrumbs jet-blocks\">\n\t\t<div class=\"jet-breadcrumbs\">\n\t\t<div class=\"jet-breadcrumbs__content\">\n\t\t<div class=\"jet-breadcrumbs__wrap\"><div class=\"jet-breadcrumbs__item\"><a href=\"https:\/\/villafraulo.com\/it\/\" class=\"jet-breadcrumbs__item-link is-home\" rel=\"home\" title=\"Home\">Home<\/a><\/div>\n\t\t<\/div>\n\t\t<\/div>\n\t\t<\/div><\/div>\t\t\t\t<\/div>\n\t\t\t\t<\/div>\n\t\t\t\t<div class=\"elementor-element elementor-element-50dede4 elementor-widget elementor-widget-heading\" data-id=\"50dede4\" data-element_type=\"widget\" data-e-type=\"widget\" data-widget_type=\"heading.default\">\n\t\t\t\t\t<h3 class=\"elementor-heading-title elementor-size-default\">Matrimoni<\/h3>\t\t\t\t<\/div>\n\t\t\t\t<div class=\"elementor-element elementor-element-72cf49c elementor-widget__width-initial elementor-widget-divider--view-line elementor-widget elementor-widget-divider\" data-id=\"72cf49c\" data-element_type=\"widget\" data-e-type=\"widget\" data-widget_type=\"divider.default\">\n\t\t\t\t\t\t\t<div class=\"elementor-divider\">\n\t\t\t<span class=\"elementor-divider-separator\">\n\t\t\t\t\t\t<\/span>\n\t\t<\/div>\n\t\t\t\t\t\t<\/div>\n\t\t\t\t<div class=\"elementor-element elementor-element-f3f829a elementor-widget__width-initial elementor-widget elementor-widget-text-editor\" data-id=\"f3f829a\" data-element_type=\"widget\" data-e-type=\"widget\" data-widget_type=\"text-editor.default\">\n\t\t\t\t\t\t\t\t\t<p>Un tempo residenza della nobile\u00a0<strong>famiglia Cortese<\/strong>, Hotel Villa Fraulo conserva la storica atmosfera dell\u2019aristocratico buen retiro, rinnovando la tradizione e l\u2019irresistibile fascino dell\u2019antica dimora.<br \/>Di origine medioevale, l\u2019edificio ha subito nel corso dei secoli diversi rifacimenti, mantenendo intatto, per\u00f2, l\u2019originale fascino, nel quale i giochi delle volte e la lucentezza dei marmi s\u2019intrecciano in perfetta simbiosi con i comfort pi\u00f9 moderni e lussuosi.<br \/><br \/>Villa Fraulo \u00e8 a pochi passi dal cuore di Ravello, dal Duomo ed \u00e8 di fronte al Municipio. Questa Villa \u00e8 il luogo perfetto dove sigillare il sogno di un\u2019 amore senza fine. La sala, illuminata da calde e soffuse luci \u00e8 arredata con riconosciuto gusto, ove\u00a0<strong>eleganza<\/strong>\u00a0e\u00a0<strong>raffinatezza<\/strong>\u00a0si sposano in un idillio perfetto, e il solo accomodarsi rappresenta gi\u00e0 di per s\u00e9 una emozione.<br \/><br \/>Emozione che viene amplificata nel momento in cui si assaggiano i piatti, finemente preparati dallo\u00a0<strong>chef<\/strong>, per il quale la cucina e il cibo sono nutrimento ed emozione al tempo stesso, socialit\u00e0 e comunicazione.<br \/>Il ristorante consta di una sala interna, ove troneggia il camino, si prolunga nella veranda ubicata sullo\u00a0<strong>splendido terrazzo<\/strong>, che si affaccia sull\u2019incomparabile vista della nostra unica ed irripetibile\u00a0<strong>costiera amalfitana<\/strong>.<br \/><br \/>Gli ospiti apprezzano molto l\u2019emozionante panorama dalla terrazza sospesa sul mare, la tranquillit\u00e0 che regna seduti all\u2019ombra e lo staff sempre disponibile e professionale.<\/p>\t\t\t\t\t\t\t\t<\/div>\n\t\t\t\t<div class=\"elementor-element elementor-element-8f6f898 elementor-align-center elementor-widget elementor-widget-button\" data-id=\"8f6f898\" data-element_type=\"widget\" data-e-type=\"widget\" data-widget_type=\"button.default\">\n\t\t\t\t\t\t\t\t\t\t<a class=\"elementor-button elementor-button-link elementor-size-sm\" href=\"https:\/\/www.youtube.com\/watch?v=HdYBuNCo5i4\" target=\"_blank\">\n\t\t\t\t\t\t<span class=\"elementor-button-content-wrapper\">\n\t\t\t\t\t\t\t\t\t<span class=\"elementor-button-text\">guarda il video su youtube<\/span>\n\t\t\t\t\t<\/span>\n\t\t\t\t\t<\/a>\n\t\t\t\t\t\t\t\t<\/div>\n\t\t\t\t<div class=\"elementor-element elementor-element-7aed45f elementor-widget elementor-widget-spacer\" data-id=\"7aed45f\" data-element_type=\"widget\" data-e-type=\"widget\" data-widget_type=\"spacer.default\">\n\t\t\t\t\t\t\t<div class=\"elementor-spacer\">\n\t\t\t<div class=\"elementor-spacer-inner\"><\/div>\n\t\t<\/div>\n\t\t\t\t\t\t<\/div>\n\t\t\t\t\t<\/div>\n\t\t\t\t<\/div>\n\t\t<div class=\"elementor-element elementor-element-af33aed e-flex e-con-boxed e-con e-parent\" data-id=\"af33aed\" data-element_type=\"container\" data-e-type=\"container\" data-settings=\"{&quot;jet_parallax_layout_list&quot;:[]}\">\n\t\t\t\t\t<div class=\"e-con-inner\">\n\t\t\t\t<div class=\"elementor-element elementor-element-bf88695 elementor-widget elementor-widget-spacer\" data-id=\"bf88695\" data-element_type=\"widget\" data-e-type=\"widget\" data-widget_type=\"spacer.default\">\n\t\t\t\t\t\t\t<div class=\"elementor-spacer\">\n\t\t\t<div class=\"elementor-spacer-inner\"><\/div>\n\t\t<\/div>\n\t\t\t\t\t\t<\/div>\n\t\t\t\t<div class=\"elementor-element elementor-element-431f7aa gallery-spacing-custom elementor-widget elementor-widget-image-gallery\" data-id=\"431f7aa\" data-element_type=\"widget\" data-e-type=\"widget\" data-widget_type=\"image-gallery.default\">\n\t\t\t\t\t\t\t<div class=\"elementor-image-gallery\">\n\t\t\t<div id='gallery-1' class='gallery galleryid-265 gallery-columns-3 gallery-size-2048x2048'><figure class='gallery-item'>\n\t\t\t<div class='gallery-icon landscape'>\n\t\t\t\t<a data-elementor-open-lightbox=\"yes\" data-elementor-lightbox-slideshow=\"431f7aa\" data-elementor-lightbox-title=\"1024_terrazza-wedding-_Ravello_2019\" data-e-action-hash=\"#elementor-action%3Aaction%3Dlightbox%26settings%3DeyJpZCI6MzMsInVybCI6Imh0dHBzOlwvXC92aWxsYWZyYXVsby5jb21cL3dwLWNvbnRlbnRcL3VwbG9hZHNcLzIwMjZcLzAxXC8xMDI0X3RlcnJhenphLXdlZGRpbmctX1JhdmVsbG9fMjAxOS5qcGciLCJzbGlkZXNob3ciOiI0MzFmN2FhIn0%3D\" href='https:\/\/villafraulo.com\/wp-content\/uploads\/2026\/01\/1024_terrazza-wedding-_Ravello_2019.jpg'><img fetchpriority=\"high\" decoding=\"async\" width=\"1024\" height=\"768\" src=\"https:\/\/villafraulo.com\/wp-content\/uploads\/2026\/01\/1024_terrazza-wedding-_Ravello_2019.jpg\" class=\"attachment-2048x2048 size-2048x2048\" alt=\"\" srcset=\"https:\/\/villafraulo.com\/wp-content\/uploads\/2026\/01\/1024_terrazza-wedding-_Ravello_2019.jpg 1024w, https:\/\/villafraulo.com\/wp-content\/uploads\/2026\/01\/1024_terrazza-wedding-_Ravello_2019-300x225.jpg 300w, https:\/\/villafraulo.com\/wp-content\/uploads\/2026\/01\/1024_terrazza-wedding-_Ravello_2019-768x576.jpg 768w\" sizes=\"(max-width: 1024px) 100vw, 1024px\" \/><\/a>\n\t\t\t<\/div><\/figure><figure class='gallery-item'>\n\t\t\t<div class='gallery-icon landscape'>\n\t\t\t\t<a data-elementor-open-lightbox=\"yes\" data-elementor-lightbox-slideshow=\"431f7aa\" data-elementor-lightbox-title=\"1024-gallerymatrimonio01\" data-e-action-hash=\"#elementor-action%3Aaction%3Dlightbox%26settings%3DeyJpZCI6MjksInVybCI6Imh0dHBzOlwvXC92aWxsYWZyYXVsby5jb21cL3dwLWNvbnRlbnRcL3VwbG9hZHNcLzIwMjZcLzAxXC8xMDI0LWdhbGxlcnltYXRyaW1vbmlvMDEuanBnIiwic2xpZGVzaG93IjoiNDMxZjdhYSJ9\" href='https:\/\/villafraulo.com\/wp-content\/uploads\/2026\/01\/1024-gallerymatrimonio01.jpg'><img decoding=\"async\" width=\"1024\" height=\"768\" src=\"https:\/\/villafraulo.com\/wp-content\/uploads\/2026\/01\/1024-gallerymatrimonio01.jpg\" class=\"attachment-2048x2048 size-2048x2048\" alt=\"\" srcset=\"https:\/\/villafraulo.com\/wp-content\/uploads\/2026\/01\/1024-gallerymatrimonio01.jpg 1024w, https:\/\/villafraulo.com\/wp-content\/uploads\/2026\/01\/1024-gallerymatrimonio01-300x225.jpg 300w, https:\/\/villafraulo.com\/wp-content\/uploads\/2026\/01\/1024-gallerymatrimonio01-768x576.jpg 768w\" sizes=\"(max-width: 1024px) 100vw, 1024px\" \/><\/a>\n\t\t\t<\/div><\/figure><figure class='gallery-item'>\n\t\t\t<div class='gallery-icon landscape'>\n\t\t\t\t<a data-elementor-open-lightbox=\"yes\" data-elementor-lightbox-slideshow=\"431f7aa\" data-elementor-lightbox-title=\"1024_terrazza-wedding-Sposi_2019\" data-e-action-hash=\"#elementor-action%3Aaction%3Dlightbox%26settings%3DeyJpZCI6NDEsInVybCI6Imh0dHBzOlwvXC92aWxsYWZyYXVsby5jb21cL3dwLWNvbnRlbnRcL3VwbG9hZHNcLzIwMjZcLzAxXC8xMDI0X3RlcnJhenphLXdlZGRpbmctU3Bvc2lfMjAxOS5qcGciLCJzbGlkZXNob3ciOiI0MzFmN2FhIn0%3D\" href='https:\/\/villafraulo.com\/wp-content\/uploads\/2026\/01\/1024_terrazza-wedding-Sposi_2019.jpg'><img decoding=\"async\" width=\"1024\" height=\"768\" src=\"https:\/\/villafraulo.com\/wp-content\/uploads\/2026\/01\/1024_terrazza-wedding-Sposi_2019.jpg\" class=\"attachment-2048x2048 size-2048x2048\" alt=\"\" srcset=\"https:\/\/villafraulo.com\/wp-content\/uploads\/2026\/01\/1024_terrazza-wedding-Sposi_2019.jpg 1024w, https:\/\/villafraulo.com\/wp-content\/uploads\/2026\/01\/1024_terrazza-wedding-Sposi_2019-300x225.jpg 300w, https:\/\/villafraulo.com\/wp-content\/uploads\/2026\/01\/1024_terrazza-wedding-Sposi_2019-768x576.jpg 768w\" sizes=\"(max-width: 1024px) 100vw, 1024px\" \/><\/a>\n\t\t\t<\/div><\/figure><figure class='gallery-item'>\n\t\t\t<div class='gallery-icon landscape'>\n\t\t\t\t<a data-elementor-open-lightbox=\"yes\" data-elementor-lightbox-slideshow=\"431f7aa\" data-elementor-lightbox-title=\"1024_wedding-cake_2019\" data-e-action-hash=\"#elementor-action%3Aaction%3Dlightbox%26settings%3DeyJpZCI6NDIsInVybCI6Imh0dHBzOlwvXC92aWxsYWZyYXVsby5jb21cL3dwLWNvbnRlbnRcL3VwbG9hZHNcLzIwMjZcLzAxXC8xMDI0X3dlZGRpbmctY2FrZV8yMDE5LmpwZyIsInNsaWRlc2hvdyI6IjQzMWY3YWEifQ%3D%3D\" href='https:\/\/villafraulo.com\/wp-content\/uploads\/2026\/01\/1024_wedding-cake_2019.jpg'><img loading=\"lazy\" decoding=\"async\" width=\"1024\" height=\"768\" src=\"https:\/\/villafraulo.com\/wp-content\/uploads\/2026\/01\/1024_wedding-cake_2019.jpg\" class=\"attachment-2048x2048 size-2048x2048\" alt=\"\" srcset=\"https:\/\/villafraulo.com\/wp-content\/uploads\/2026\/01\/1024_wedding-cake_2019.jpg 1024w, https:\/\/villafraulo.com\/wp-content\/uploads\/2026\/01\/1024_wedding-cake_2019-300x225.jpg 300w, https:\/\/villafraulo.com\/wp-content\/uploads\/2026\/01\/1024_wedding-cake_2019-768x576.jpg 768w\" sizes=\"(max-width: 1024px) 100vw, 1024px\" \/><\/a>\n\t\t\t<\/div><\/figure><figure class='gallery-item'>\n\t\t\t<div class='gallery-icon landscape'>\n\t\t\t\t<a data-elementor-open-lightbox=\"yes\" data-elementor-lightbox-slideshow=\"431f7aa\" data-elementor-lightbox-title=\"1024-gallerymatrimonio\" data-e-action-hash=\"#elementor-action%3Aaction%3Dlightbox%26settings%3DeyJpZCI6MzAsInVybCI6Imh0dHBzOlwvXC92aWxsYWZyYXVsby5jb21cL3dwLWNvbnRlbnRcL3VwbG9hZHNcLzIwMjZcLzAxXC8xMDI0LWdhbGxlcnltYXRyaW1vbmlvLmpwZyIsInNsaWRlc2hvdyI6IjQzMWY3YWEifQ%3D%3D\" href='https:\/\/villafraulo.com\/wp-content\/uploads\/2026\/01\/1024-gallerymatrimonio.jpg'><img loading=\"lazy\" decoding=\"async\" width=\"1024\" height=\"768\" src=\"https:\/\/villafraulo.com\/wp-content\/uploads\/2026\/01\/1024-gallerymatrimonio.jpg\" class=\"attachment-2048x2048 size-2048x2048\" alt=\"\" srcset=\"https:\/\/villafraulo.com\/wp-content\/uploads\/2026\/01\/1024-gallerymatrimonio.jpg 1024w, https:\/\/villafraulo.com\/wp-content\/uploads\/2026\/01\/1024-gallerymatrimonio-300x225.jpg 300w, https:\/\/villafraulo.com\/wp-content\/uploads\/2026\/01\/1024-gallerymatrimonio-768x576.jpg 768w\" sizes=\"(max-width: 1024px) 100vw, 1024px\" \/><\/a>\n\t\t\t<\/div><\/figure><figure class='gallery-item'>\n\t\t\t<div class='gallery-icon landscape'>\n\t\t\t\t<a data-elementor-open-lightbox=\"yes\" data-elementor-lightbox-slideshow=\"431f7aa\" data-elementor-lightbox-title=\"1600_confettata-Macarons_2019\" data-e-action-hash=\"#elementor-action%3Aaction%3Dlightbox%26settings%3DeyJpZCI6MzIsInVybCI6Imh0dHBzOlwvXC92aWxsYWZyYXVsby5jb21cL3dwLWNvbnRlbnRcL3VwbG9hZHNcLzIwMjZcLzAxXC8xNjAwX2NvbmZldHRhdGEtTWFjYXJvbnNfMjAxOS5qcGciLCJzbGlkZXNob3ciOiI0MzFmN2FhIn0%3D\" href='https:\/\/villafraulo.com\/wp-content\/uploads\/2026\/01\/1600_confettata-Macarons_2019.jpg'><img loading=\"lazy\" decoding=\"async\" width=\"1024\" height=\"768\" src=\"https:\/\/villafraulo.com\/wp-content\/uploads\/2026\/01\/1600_confettata-Macarons_2019.jpg\" class=\"attachment-2048x2048 size-2048x2048\" alt=\"\" srcset=\"https:\/\/villafraulo.com\/wp-content\/uploads\/2026\/01\/1600_confettata-Macarons_2019.jpg 1024w, https:\/\/villafraulo.com\/wp-content\/uploads\/2026\/01\/1600_confettata-Macarons_2019-300x225.jpg 300w, https:\/\/villafraulo.com\/wp-content\/uploads\/2026\/01\/1600_confettata-Macarons_2019-768x576.jpg 768w\" sizes=\"(max-width: 1024px) 100vw, 1024px\" \/><\/a>\n\t\t\t<\/div><\/figure><figure class='gallery-item'>\n\t\t\t<div class='gallery-icon landscape'>\n\t\t\t\t<a data-elementor-open-lightbox=\"yes\" data-elementor-lightbox-slideshow=\"431f7aa\" data-elementor-lightbox-title=\"1024-gallerymatrimonio02\" data-e-action-hash=\"#elementor-action%3Aaction%3Dlightbox%26settings%3DeyJpZCI6MzQsInVybCI6Imh0dHBzOlwvXC92aWxsYWZyYXVsby5jb21cL3dwLWNvbnRlbnRcL3VwbG9hZHNcLzIwMjZcLzAxXC8xMDI0LWdhbGxlcnltYXRyaW1vbmlvMDIuanBnIiwic2xpZGVzaG93IjoiNDMxZjdhYSJ9\" href='https:\/\/villafraulo.com\/wp-content\/uploads\/2026\/01\/1024-gallerymatrimonio02.jpg'><img loading=\"lazy\" decoding=\"async\" width=\"1024\" height=\"768\" src=\"https:\/\/villafraulo.com\/wp-content\/uploads\/2026\/01\/1024-gallerymatrimonio02.jpg\" class=\"attachment-2048x2048 size-2048x2048\" alt=\"\" srcset=\"https:\/\/villafraulo.com\/wp-content\/uploads\/2026\/01\/1024-gallerymatrimonio02.jpg 1024w, https:\/\/villafraulo.com\/wp-content\/uploads\/2026\/01\/1024-gallerymatrimonio02-300x225.jpg 300w, https:\/\/villafraulo.com\/wp-content\/uploads\/2026\/01\/1024-gallerymatrimonio02-768x576.jpg 768w\" sizes=\"(max-width: 1024px) 100vw, 1024px\" \/><\/a>\n\t\t\t<\/div><\/figure><figure class='gallery-item'>\n\t\t\t<div class='gallery-icon landscape'>\n\t\t\t\t<a data-elementor-open-lightbox=\"yes\" data-elementor-lightbox-slideshow=\"431f7aa\" data-elementor-lightbox-title=\"1024_Setting-Cerimonia\" data-e-action-hash=\"#elementor-action%3Aaction%3Dlightbox%26settings%3DeyJpZCI6MzEsInVybCI6Imh0dHBzOlwvXC92aWxsYWZyYXVsby5jb21cL3dwLWNvbnRlbnRcL3VwbG9hZHNcLzIwMjZcLzAxXC8xMDI0X1NldHRpbmctQ2VyaW1vbmlhLmpwZyIsInNsaWRlc2hvdyI6IjQzMWY3YWEifQ%3D%3D\" href='https:\/\/villafraulo.com\/wp-content\/uploads\/2026\/01\/1024_Setting-Cerimonia.jpg'><img loading=\"lazy\" decoding=\"async\" width=\"1024\" height=\"764\" src=\"https:\/\/villafraulo.com\/wp-content\/uploads\/2026\/01\/1024_Setting-Cerimonia.jpg\" class=\"attachment-2048x2048 size-2048x2048\" alt=\"\" \/><\/a>\n\t\t\t<\/div><\/figure><figure class='gallery-item'>\n\t\t\t<div class='gallery-icon landscape'>\n\t\t\t\t<a data-elementor-open-lightbox=\"yes\" data-elementor-lightbox-slideshow=\"431f7aa\" data-elementor-lightbox-title=\"1024_terrazza-wedding-Amalfi-coast\" data-e-action-hash=\"#elementor-action%3Aaction%3Dlightbox%26settings%3DeyJpZCI6NDAsInVybCI6Imh0dHBzOlwvXC92aWxsYWZyYXVsby5jb21cL3dwLWNvbnRlbnRcL3VwbG9hZHNcLzIwMjZcLzAxXC8xMDI0X3RlcnJhenphLXdlZGRpbmctQW1hbGZpLWNvYXN0LmpwZyIsInNsaWRlc2hvdyI6IjQzMWY3YWEifQ%3D%3D\" href='https:\/\/villafraulo.com\/wp-content\/uploads\/2026\/01\/1024_terrazza-wedding-Amalfi-coast.jpg'><img loading=\"lazy\" decoding=\"async\" width=\"1024\" height=\"764\" src=\"https:\/\/villafraulo.com\/wp-content\/uploads\/2026\/01\/1024_terrazza-wedding-Amalfi-coast.jpg\" class=\"attachment-2048x2048 size-2048x2048\" alt=\"\" srcset=\"https:\/\/villafraulo.com\/wp-content\/uploads\/2026\/01\/1024_terrazza-wedding-Amalfi-coast.jpg 1024w, https:\/\/villafraulo.com\/wp-content\/uploads\/2026\/01\/1024_terrazza-wedding-Amalfi-coast-300x224.jpg 300w, https:\/\/villafraulo.com\/wp-content\/uploads\/2026\/01\/1024_terrazza-wedding-Amalfi-coast-768x573.jpg 768w\" sizes=\"(max-width: 1024px) 100vw, 1024px\" \/><\/a>\n\t\t\t<\/div><\/figure>\n\t\t<\/div>\n\t\t<\/div>\n\t\t\t\t\t\t<\/div>\n\t\t\t\t<div class=\"elementor-element elementor-element-ab07aaa elementor-widget elementor-widget-spacer\" data-id=\"ab07aaa\" data-element_type=\"widget\" data-e-type=\"widget\" data-widget_type=\"spacer.default\">\n\t\t\t\t\t\t\t<div class=\"elementor-spacer\">\n\t\t\t<div class=\"elementor-spacer-inner\"><\/div>\n\t\t<\/div>\n\t\t\t\t\t\t<\/div>\n\t\t\t\t\t<\/div>\n\t\t\t\t<\/div>\n\t\t\t\t<\/div>\n\t\t","protected":false},"excerpt":{"rendered":"<p>Home Matrimoni Un tempo residenza della nobile\u00a0famiglia Cortese, Hotel Villa Fraulo conserva la storica atmosfera dell\u2019aristocratico buen retiro, rinnovando la tradizione e l\u2019irresistibile fascino dell\u2019antica dimora.Di origine medioevale, l\u2019edificio ha subito nel corso dei secoli diversi rifacimenti, mantenendo intatto, per\u00f2, l\u2019originale fascino, nel quale i giochi delle volte e la lucentezza dei marmi s\u2019intrecciano in [&hellip;]<\/p>\n","protected":false},"author":1,"featured_media":0,"parent":0,"menu_order":0,"comment_status":"closed","ping_status":"closed","template":"","meta":{"footnotes":""},"class_list":["post-265","page","type-page","status-publish","hentry"],"_links":{"self":[{"href":"https:\/\/villafraulo.com\/it\/wp-json\/wp\/v2\/pages\/265","targetHints":{"allow":["GET"]}}],"collection":[{"href":"https:\/\/villafraulo.com\/it\/wp-json\/wp\/v2\/pages"}],"about":[{"href":"https:\/\/villafraulo.com\/it\/wp-json\/wp\/v2\/types\/page"}],"author":[{"embeddable":true,"href":"https:\/\/villafraulo.com\/it\/wp-json\/wp\/v2\/users\/1"}],"replies":[{"embeddable":true,"href":"https:\/\/villafraulo.com\/it\/wp-json\/wp\/v2\/comments?post=265"}],"version-history":[{"count":4,"href":"https:\/\/villafraulo.com\/it\/wp-json\/wp\/v2\/pages\/265\/revisions"}],"predecessor-version":[{"id":281,"href":"https:\/\/villafraulo.com\/it\/wp-json\/wp\/v2\/pages\/265\/revisions\/281"}],"wp:attachment":[{"href":"https:\/\/villafraulo.com\/it\/wp-json\/wp\/v2\/media?parent=265"}],"curies":[{"name":"wp","href":"https:\/\/api.w.org\/{rel}","templated":true}]}}